{"id":7484,"date":"2026-03-26T16:22:31","date_gmt":"2026-03-26T15:22:31","guid":{"rendered":"https:\/\/groningerstudentenbond.nl\/?post_type=product&#038;p=7484"},"modified":"2026-03-26T16:23:15","modified_gmt":"2026-03-26T15:23:15","slug":"ticket-lustrum-pubcrawl-protest-en-pils","status":"publish","type":"product","link":"https:\/\/groningerstudentenbond.nl\/en\/product\/ticket-lustrum-pubcrawl-protest-en-pils\/","title":{"rendered":"[TICKET] LUSTRUM PUBCRAWL: Protest &#038; Pils"},"content":{"rendered":"<p data-path-to-node=\"3\"><b data-path-to-node=\"3\" data-index-in-node=\"0\">Ga mee op een ontdekkingsreis door de rijke geschiedenis van de Groninger Studentenbond!<\/b><\/p>\n<p><span style=\"font-weight: 400;\">De Lustrumcommissie organiseert donderdag 16 april een stadswandeling\/pubcrawl om geld op te halen voor het 55ste jubileum van de GSb dat zal plaatsvinden van 29 tot 3 juli. Hierbij worden sterke verhalen verteld door oud-bestuursleden, om de geschiedenis van de stad en de vakbond tot leven te brengen (of te houden). De tour wordt in twee verschillende versies verzorgd: Piet-Hein in het Nederlands en Leon in het Engels. Ook zal de tour een mini pubcrawl omvatten, met twee tot drie korte stops in relevante caf\u00e9s met in ieder geval \u00e9\u00e9n gratis drankje in de kostprijs begrepen, en een naborrel in caf\u00e9 de Wolthoorn. De activiteit is open voor leden en alumni.\u00a0<\/span><\/p>\n<p><b>Startpunt: <\/b><span style=\"font-weight: 400;\">Academy Building (Broerstraat 5, Groningen)<\/span><\/p>","protected":false},"excerpt":{"rendered":"<p data-path-to-node=\"4\">In honor of our <b data-path-to-node=\"4\" data-index-in-node=\"16\">55th anniversary<\/b> The Lustrum Committee is organizing a unique evening that brings the history of the city and the student movement to life. We combine culture with a fun atmosphere: during the walk, we\u2019ll visit two or three historic caf\u00e9s that have played a crucial role in the history of the GSb. We\u2019ll wrap up the tour together with a final drink at the iconic <b data-path-to-node=\"5\" data-index-in-node=\"251\">Caf\u00e9 Wolthoorn &amp; Co<\/b>.<\/p>","protected":false},"featured_media":7467,"template":"","meta":{"_eb_attr":"","inline_featured_image":false,"site-sidebar-layout":"default","site-content-layout":"","ast-site-content-layout":"default","site-content-style":"default","site-sidebar-style":"default","ast-global-header-display":"","ast-banner-title-visibility":"","ast-main-header-display":"","ast-hfb-above-header-display":"","ast-hfb-below-header-display":"","ast-hfb-mobile-header-display":"","site-post-title":"","ast-breadcrumbs-content":"","ast-featured-img":"","footer-sml-layout":"","theme-transparent-header-meta":"default","adv-header-id-meta":"","stick-header-meta":"","header-above-stick-meta":"","header-main-stick-meta":"","header-below-stick-meta":"","astra-migrate-meta-layouts":"set","ast-page-background-enabled":"default","ast-page-background-meta":{"desktop":{"background-color":"var(--ast-global-color-4)","background-image":"","background-repeat":"repeat","background-position":"center center","background-size":"auto","background-attachment":"scroll","background-type":"","background-media":"","overlay-type":"","overlay-color":"","overlay-opacity":"","overlay-gradient":""},"tablet":{"background-color":"","background-image":"","background-repeat":"repeat","background-position":"center center","background-size":"auto","background-attachment":"scroll","background-type":"","background-media":"","overlay-type":"","overlay-color":"","overlay-opacity":"","overlay-gradient":""},"mobile":{"background-color":"","background-image":"","background-repeat":"repeat","background-position":"center center","background-size":"auto","background-attachment":"scroll","background-type":"","background-media":"","overlay-type":"","overlay-color":"","overlay-opacity":"","overlay-gradient":""}},"ast-content-background-meta":{"desktop":{"background-color":"var(--ast-global-color-5)","background-image":"","background-repeat":"repeat","background-position":"center center","background-size":"auto","background-attachment":"scroll","background-type":"","background-media":"","overlay-type":"","overlay-color":"","overlay-opacity":"","overlay-gradient":""},"tablet":{"background-color":"var(--ast-global-color-5)","background-image":"","background-repeat":"repeat","background-position":"center center","background-size":"auto","background-attachment":"scroll","background-type":"","background-media":"","overlay-type":"","overlay-color":"","overlay-opacity":"","overlay-gradient":""},"mobile":{"background-color":"var(--ast-global-color-5)","background-image":"","background-repeat":"repeat","background-position":"center center","background-size":"auto","background-attachment":"scroll","background-type":"","background-media":"","overlay-type":"","overlay-color":"","overlay-opacity":"","overlay-gradient":""}}},"product_brand":[],"product_cat":[38],"product_tag":[],"class_list":{"0":"post-7484","1":"product","2":"type-product","3":"status-publish","4":"has-post-thumbnail","6":"product_cat-producten","7":"desktop-align-left","8":"tablet-align-left","9":"mobile-align-left","11":"first","12":"instock","13":"virtual","14":"purchasable","15":"product-type-event_ticket_manager"},"_links":{"self":[{"href":"https:\/\/groningerstudentenbond.nl\/en\/wp-json\/wp\/v2\/product\/7484","targetHints":{"allow":["GET"]}}],"collection":[{"href":"https:\/\/groningerstudentenbond.nl\/en\/wp-json\/wp\/v2\/product"}],"about":[{"href":"https:\/\/groningerstudentenbond.nl\/en\/wp-json\/wp\/v2\/types\/product"}],"wp:featuredmedia":[{"embeddable":true,"href":"https:\/\/groningerstudentenbond.nl\/en\/wp-json\/wp\/v2\/media\/7467"}],"wp:attachment":[{"href":"https:\/\/groningerstudentenbond.nl\/en\/wp-json\/wp\/v2\/media?parent=7484"}],"wp:term":[{"taxonomy":"product_brand","embeddable":true,"href":"https:\/\/groningerstudentenbond.nl\/en\/wp-json\/wp\/v2\/product_brand?post=7484"},{"taxonomy":"product_cat","embeddable":true,"href":"https:\/\/groningerstudentenbond.nl\/en\/wp-json\/wp\/v2\/product_cat?post=7484"},{"taxonomy":"product_tag","embeddable":true,"href":"https:\/\/groningerstudentenbond.nl\/en\/wp-json\/wp\/v2\/product_tag?post=7484"}],"curies":[{"name":"wp","href":"https:\/\/api.w.org\/{rel}","templated":true}]}}